{"id":13,"date":"2024-09-09T12:36:37","date_gmt":"2024-09-09T12:36:37","guid":{"rendered":"https:\/\/golestan.fr\/?page_id=13"},"modified":"2026-05-08T12:00:15","modified_gmt":"2026-05-08T12:00:15","slug":"accueil","status":"publish","type":"page","link":"https:\/\/golestan.fr\/en\/","title":{"rendered":"Accueil"},"content":{"rendered":"<h2>\n\t\tArticles\n\t<\/h2>\n\t\t\t\t<img loading=\"lazy\" decoding=\"async\" src=\"https:\/\/golestan.fr\/wp-content\/uploads\/2026\/05\/TToi-qui-es-dans-la-penombre-sois-patient-laube-arriveToi-qui-es-dans-la-_20260507_132127_0000-1.png\" alt=\"TToi qui es dans la p\u00e9nombre sois patient, l'aube arriveToi qui es dans la _20260507_132127_0000 (1)\" itemprop=\"image\" height=\"781\" width=\"1500\" title=\"TToi qui es dans la p\u00e9nombre sois patient, l'aube arriveToi qui es dans la _20260507_132127_0000 (1)\" onerror=\"this.style.display='none'\"  \/>\n<h2>\n\t\tSc\u00e9ances individuelles et accompagnements\n\t<\/h2>\n\t\t\t\t<img loading=\"lazy\" decoding=\"async\" src=\"https:\/\/golestan.fr\/wp-content\/uploads\/2025\/09\/1.-Copie.png\" alt=\"1. - Copie\" itemprop=\"image\" height=\"738\" width=\"592\" title=\"1. - Copie\" onerror=\"this.style.display='none'\"  \/>\n\t<p>\u00a0Golestan propose des espaces d\u00e9di\u00e9s \u00e0 la gu\u00e9rison de la douleur \u00e9motionelle, la mise en lumi\u00e8re et le d\u00e9mant\u00e8lement des m\u00e9canismes inconscients et la reconnexion \u00e0 l&rsquo;\u00eatre authentique, \u00e9touff\u00e9 par les masques et les couches protectrices, et \u00e0 ses dons et qualit\u00e9s inn\u00e9es.<\/p>\n<p>\u2022<\/p>\n<p>\u00a0Mon approche est non-conventionnelle et ne n\u00e9cessite pas forc\u00e9ment un grand nombre de s\u00e9ances pour obtenir des r\u00e9sultats ; une seule s\u00e9ance permet d\u00e9j\u00e0 de voir certains \u00e9l\u00e9ments, d&rsquo;explorer des parties de votre inconscient, d&rsquo;obtenir des clefs qui vont faciliter votre cheminement et enclencher une transformation. Ma m\u00e9thode permet de partir de la forme, des probl\u00e9matiques et sympt\u00f4mes apparents, pour ensuite remonter \u00e0 la racine et voir ce qui se trouve dans les profondeurs afin d&rsquo;agir en vue d&rsquo;une gu\u00e9rison durable.<\/p>\n\t\t\t<a href=\"https:\/\/golestan.fr\/en\/services\/\" target=\"_self\">\n\t\t\t\t\t\t\tD\u00e9couvrez les diff\u00e9rents services\n\t\t\t\t\t<\/a>\n\t<p>La racine de tous les maux est int\u00e9rieure, elle est enfouie et cach\u00e9e dans les profondeurs invisibles de l&rsquo;\u00eatre.<\/p>\n<p>Les sympt\u00f4mes disparaissent uniquement lorsque les causes premi\u00e8res sont identifi\u00e9es et soign\u00e9es.<\/p>\n<h2>\n\t\tThe way of the heart\n\t<\/h2>\n<h2>\n\t\tTowards inner healing\n\t<\/h2>\n\t\t\t\t<img decoding=\"async\" src=\"http:\/\/golestan.fr\/wp-content\/uploads\/2025\/05\/AWEN-3-1.png\" alt=\"AWEN (3)\" itemprop=\"image\" title=\"AWEN (3)\" onerror=\"this.style.display='none'\"  \/>\n\t<p>\u00ab\u00a0Sachez qu&rsquo;il y a dans le corps un organe qui, s&rsquo;il est pur, purifie tout le corps et s&rsquo;il est corrompu, corrompt tout le corps. N&rsquo;est-ce pas que c&rsquo;est le coeur.\u00a0\u00bb<\/p>\n<p>\u00b7 Proph\u00e8te Muhammad (saw)\u00a0\u00b7<\/p>\n<p><strong>\u2022<\/strong><\/p>\n\t\t\t<a href=\"https:\/\/golestan.fr\/en\/bericht-1\/\" target=\"_self\">\n\t\t\t\t\t\t\tFind out more\n\t\t\t\t\t<\/a>\n\t\t\t<a href=\"https:\/\/calendar.app.google\/e6jU7D1harkD7geT9\" target=\"_self\">\n\t\t\t\t\t\t\tR\u00e9servez votre consultation\n\t\t\t\t\t<\/a>\n<h2>\n\t\t\u00a0\u00bb Ce qui est faux trouble le coeur, mais la v\u00e9rit\u00e9 procure une joyeuse tranquilit\u00e9.\u00a0\u00bb\u00a0\n\t<\/h2>\n\t\t\t\t<img loading=\"lazy\" decoding=\"async\" src=\"https:\/\/golestan.fr\/wp-content\/uploads\/2025\/05\/Votre-texte-de-paragraphe-2.png\" alt=\"Votre texte de paragraphe (2)\" itemprop=\"image\" height=\"500\" width=\"500\" title=\"Votre texte de paragraphe (2)\" onerror=\"this.style.display='none'\"  \/>\n\t<p>Programme EXPANSION<\/p>\n\t<p>Accompagnement complet<\/p>\n\t\t\t\t<img loading=\"lazy\" decoding=\"async\" src=\"https:\/\/golestan.fr\/wp-content\/uploads\/2025\/03\/Copie-de-Copie-de-Copie-de-Copie-de-Copie-de-Copie-de-Copie-de-Niveau-1_20250310_104039_0000.png\" alt=\"Copie de Copie de Copie de Copie de Copie de Copie de Copie de Niveau 1_20250310_104039_0000\" itemprop=\"image\" height=\"1080\" width=\"1080\" title=\"Copie de Copie de Copie de Copie de Copie de Copie de Copie de Niveau 1_20250310_104039_0000\" onerror=\"this.style.display='none'\"  \/>\n\t<p>Voyager \u00e0 l&rsquo;int\u00e9rieur<\/p>\n<p>Highlight and cure ills.<\/p>\n<p>\u00b7<\/p>\n\t\t\t\t<img loading=\"lazy\" decoding=\"async\" src=\"https:\/\/golestan.fr\/wp-content\/uploads\/2025\/03\/2-1.png\" alt=\"2\" itemprop=\"image\" height=\"1080\" width=\"1080\" title=\"2\" onerror=\"this.style.display='none'\"  \/>\n\t<p>Restaurer l&rsquo;\u00e9quilibre dans sa vie.<\/p>\n<p>Reconnect with your inner guidance.<\/p>\n<p>\u00b7<\/p>\n\t\t\t\t<img loading=\"lazy\" decoding=\"async\" src=\"https:\/\/golestan.fr\/wp-content\/uploads\/2025\/03\/3.png\" alt=\"3\" itemprop=\"image\" height=\"1080\" width=\"1080\" title=\"3\" onerror=\"this.style.display='none'\"  \/>\n\t<p>Identifier, exploiter et mettre en service<\/p>\n<p>le potentiel int\u00e9rieur latent.<\/p>\n<p>\u00b7<\/p>\n\t\t\t<a href=\"https:\/\/golestan.fr\/en\/expansion\/\" target=\"_self\">\n\t\t\t\t\t\t\tEn savoir plus\n\t\t\t\t\t<\/a>\n\t<p>Ateliers<\/p>\n\t\t\t\t<img loading=\"lazy\" decoding=\"async\" src=\"https:\/\/golestan.fr\/wp-content\/uploads\/2025\/09\/waterfall-8273300-1-scaled.jpg\" alt=\"waterfall-8273300\" itemprop=\"image\" height=\"2560\" width=\"2560\" title=\"waterfall-8273300\" onerror=\"this.style.display='none'\"  \/>\n\t<p>Inspiration<\/p>\n<p>Acc\u00e9der \u00e0\u00a0 l&rsquo;inspiration, \u00e0 ses aptitudes intuitives<\/p>\n<p>\u00b7<\/p>\n\t\t\t\t<img loading=\"lazy\" decoding=\"async\" src=\"https:\/\/golestan.fr\/wp-content\/uploads\/2025\/05\/il_794xN.563479268_hole.webp\" alt=\"il_794xN.563479268_hole\" itemprop=\"image\" height=\"794\" width=\"794\" title=\"il_794xN.563479268_hole\" onerror=\"this.style.display='none'\"  \/>\n\tEcriture &amp; Gu\u00e9rison<br \/>\nL&rsquo;\u00e9criture, modalit\u00e9 de gu\u00e9rison.\n<p>\u00b7<\/p>\n\t\t\t\t<img loading=\"lazy\" decoding=\"async\" src=\"https:\/\/golestan.fr\/wp-content\/uploads\/2024\/11\/My-services-LEVEL-2-Copy.jpg\" alt=\"My services LEVEL 2 - Copy\" itemprop=\"image\" height=\"1079\" width=\"1079\" title=\"My services LEVEL 2 - Copy\" onerror=\"this.style.display='none'\"  \/>\n\tProcessus cr\u00e9ateur<br \/>\nL&rsquo;inspiration et le potentiel cr\u00e9ateur\n<p>\u00b7<\/p>\n\t\t\t<a href=\"https:\/\/golestan.fr\/en\/ateliers\/\" target=\"_self\">\n\t\t\t\t\t\t\tEn savoir plus\n\t\t\t\t\t<\/a>\n<h2>\n\t\tT\u00e9moignages\n\t<\/h2>\n\t\t\t<p>\u00ab\u00a0J&rsquo;ai eu la chance d&rsquo;\u00eatre accompagn\u00e9e par Sarah dans le cadre de ma pr\u00e9paration \u00e0 mon examen oral. Tr\u00e8s stress\u00e9e de nature et donc encore plus \u00e0 l&rsquo;approche de mon \u00e9preuve orale, elle m&rsquo;a mise en situation avec beaucoup d&rsquo;attention et de bienveillance, et \u00e0 su me mettre \u00e0 l&rsquo;aise malgr\u00e9 ma timidit\u00e9 et mon manque de confiance. Gr\u00e2ce \u00e0 son \u00e9coute et \u00e0 ses conseils, j&rsquo;ai pu reprendre confiance et retrouver de la s\u00e9r\u00e9nit\u00e9, d\u00e9velopper mon aisance orale, et identifier ce qui fonctionnait pour moi. Nous avons travaill\u00e9 ensemble sur mon ancrage, ma posture, ma mani\u00e8re de parler et mes tics de langage&#8230; tout ce qui me permettait d&rsquo;\u00eatre plus sereine et affirm\u00e9e. Le jour de mon examen, je me suis pr\u00e9sent\u00e9e avec d\u00e9termination et tranquillit\u00e9. Cet accompagnement \u00e0 \u00e9t\u00e9 une vraie r\u00e9v\u00e9lation, autant personnel que professionnel. M\u00e9rite d&rsquo;\u00eatre connu, car le passage de Sarah dans notre vie permet d&rsquo;avancer malgr\u00e9 nos doutes et nos obstacles de la vie au quotidien.\u00a0\u00bbElodie Piquet<\/p>\t\t\n<h2>\n\t\t\u00a0\u00bb \u00ab Votre t\u00e2che n&rsquo;est pas de chercher l&rsquo;amour, mais simplement de chercher et trouver tous les obstacles que vous avez construits contre lui. \u00bb\u00a0\u00bb\u00a0 ~ Rumi.\n\t<\/h2>\n<h2>\n\t\tContact\n\t<\/h2>\n\t<p>golestan.sm@gmail.com<\/p>\n\t<p>06 95 64 87 42<\/p>\n<h2>\n\t\tLiens\n\t<\/h2>\n\t<a href=\"https:\/\/golestan.fr\/en\/my-services\/\">Services<\/a><br \/>\n<a href=\"https:\/\/golestan.fr\/en\/mentions-legales\/\">Legal notices<\/a><br \/>\n<a href=\"https:\/\/golestan.fr\/en\/politque-de-confidentialite\/\">Privacy Policy<\/a><br \/>\n<a href=\"https:\/\/golestan.fr\/en\/conditions-generales-dutilisation\/\">Conditions g\u00e9n\u00e9rales d&rsquo;utilisation<\/a><br \/>\n<a href=\"https:\/\/golestan.fr\/en\/conditions-generales-de-vente\/\">General Conditions of Sale<\/a>\n<h2>\n\t\tLa po\u00e9sie\n\t<\/h2>\n<h2>\n\t\tspiritualit\u00e9 &#8211; d\u00e9veloppement personnel &#8211; voyage int\u00e9rieur &#8211; consultation &#8211; accompagnement &#8211; accompagnement th\u00e9rapeutique &#8211; coaching &#8211; coach &#8211; th\u00e9rapie alternative &#8211; th\u00e9rapeute alternatif &#8211; \u00e9motions &#8211; blessure \u00e9motionnelle &#8211; gu\u00e9rison &#8211; gu\u00e9rison int\u00e9rieure &#8211; philosophie &#8211; mystique &#8211; mysticisme &#8211; guidance &#8211; trouver sa voie &#8211; gu\u00e9rir\n\t<\/h2>\n<h2>\n\t\tDOULEUR &#8211; DIFFICULTES EMOTIONNELLES &#8211; PROBLEMES RELATIONNELS &#8211; BLOCAGES &#8211; MAL-ETRE &#8211; N\u0152UDS &#8211; SITUATIONS ET BOUCLES REPETITIVES &#8211; PENSEES NEGATIVES &#8211; PERTE DE SENS &#8211; STRESS &#8211; ANXIETE &#8211; LIMOGES 87\n\t<\/h2>","protected":false},"excerpt":{"rendered":"<p>Articles Sc\u00e9ances individuelles et accompagnements \u00a0Golestan propose des espaces d\u00e9di\u00e9s \u00e0 la gu\u00e9rison de la douleur \u00e9motionelle, la mise en lumi\u00e8re et le d\u00e9mant\u00e8lement des m\u00e9canismes inconscients et la reconnexion \u00e0 l&rsquo;\u00eatre authentique, \u00e9touff\u00e9 par les masques et les couches protectrices, et \u00e0 ses dons et qualit\u00e9s inn\u00e9es. \u2022 \u00a0Mon approche est non-conventionnelle et ne&hellip;<\/p>","protected":false},"author":1,"featured_media":0,"parent":0,"menu_order":0,"comment_status":"closed","ping_status":"closed","template":"","meta":{"_monsterinsights_skip_tracking":false,"_monsterinsights_sitenote_active":false,"_monsterinsights_sitenote_note":"","_monsterinsights_sitenote_category":0,"footnotes":""},"class_list":["post-13","page","type-page","status-publish","hentry"],"_links":{"self":[{"href":"https:\/\/golestan.fr\/en\/wp-json\/wp\/v2\/pages\/13","targetHints":{"allow":["GET"]}}],"collection":[{"href":"https:\/\/golestan.fr\/en\/wp-json\/wp\/v2\/pages"}],"about":[{"href":"https:\/\/golestan.fr\/en\/wp-json\/wp\/v2\/types\/page"}],"author":[{"embeddable":true,"href":"https:\/\/golestan.fr\/en\/wp-json\/wp\/v2\/users\/1"}],"replies":[{"embeddable":true,"href":"https:\/\/golestan.fr\/en\/wp-json\/wp\/v2\/comments?post=13"}],"version-history":[{"count":923,"href":"https:\/\/golestan.fr\/en\/wp-json\/wp\/v2\/pages\/13\/revisions"}],"predecessor-version":[{"id":2490,"href":"https:\/\/golestan.fr\/en\/wp-json\/wp\/v2\/pages\/13\/revisions\/2490"}],"wp:attachment":[{"href":"https:\/\/golestan.fr\/en\/wp-json\/wp\/v2\/media?parent=13"}],"curies":[{"name":"wp","href":"https:\/\/api.w.org\/{rel}","templated":true}]}}